{"id":135,"date":"2019-12-10T13:00:23","date_gmt":"2019-12-10T13:00:23","guid":{"rendered":"https:\/\/bridge296.qodeinteractive.com\/?page_id=135"},"modified":"2021-06-11T15:06:50","modified_gmt":"2021-06-11T15:06:50","slug":"about","status":"publish","type":"page","link":"https:\/\/liberaenergia.es\/index.php\/about\/","title":{"rendered":"About"},"content":{"rendered":"\t\t<div data-elementor-type=\"wp-page\" data-elementor-id=\"135\" class=\"elementor elementor-135\">\n\t\t\t\t\t\t\t\t\t<section class=\"elementor-section elementor-top-section elementor-element elementor-element-ce0b8d3 qode_elementor_container_inner elementor-section-boxed elementor-section-height-default elementor-section-height-default parallax_section_no\" data-id=\"ce0b8d3\" data-element_type=\"section\">\n\t\t\t\t\t\t<div class=\"elementor-container elementor-column-gap-default\">\n\t\t\t\t\t<div class=\"elementor-column elementor-col-100 elementor-top-column elementor-element elementor-element-3c049ea\" data-id=\"3c049ea\" data-element_type=\"column\" data-settings=\"{&quot;background_background&quot;:&quot;classic&quot;}\">\n\t\t\t<div class=\"elementor-widget-wrap elementor-element-populated\">\n\t\t\t\t\t\t\t\t<div class=\"elementor-element elementor-element-8014e09 elementor-widget elementor-widget-text-editor\" data-id=\"8014e09\" data-element_type=\"widget\" data-widget_type=\"text-editor.default\">\n\t\t\t\t<div class=\"elementor-widget-container\">\n\t\t\t\t\t\t\t<h1 style=\"text-align: center;\"><span style=\"color: #ffffff;\">Nosotros<\/span><\/h1>\t\t\t\t\t\t<\/div>\n\t\t\t\t<\/div>\n\t\t\t\t<div class=\"elementor-element elementor-element-1c2ff8f elementor-widget elementor-widget-text-editor\" data-id=\"1c2ff8f\" data-element_type=\"widget\" data-widget_type=\"text-editor.default\">\n\t\t\t\t<div class=\"elementor-widget-container\">\n\t\t\t\t\t\t\t<h6 style=\"text-align: center;\"><span style=\"color: #ffffff;\">Valores del deporte en la empresa<\/span><\/h6>\t\t\t\t\t\t<\/div>\n\t\t\t\t<\/div>\n\t\t\t\t\t<\/div>\n\t\t<\/div>\n\t\t\t\t\t\t\t<\/div>\n\t\t<\/section>\n\t\t\t\t<section class=\"elementor-section elementor-top-section elementor-element elementor-element-d05f333 qode_elementor_container_inner elementor-section-boxed elementor-section-height-default elementor-section-height-default parallax_section_no\" data-id=\"d05f333\" data-element_type=\"section\">\n\t\t\t\t\t\t<div class=\"elementor-container elementor-column-gap-default\">\n\t\t\t\t\t<div class=\"elementor-column elementor-col-50 elementor-top-column elementor-element elementor-element-32194e6a\" data-id=\"32194e6a\" data-element_type=\"column\">\n\t\t\t<div class=\"elementor-widget-wrap elementor-element-populated\">\n\t\t\t\t\t\t\t\t<div class=\"elementor-element elementor-element-7b3d1c2 elementor-widget elementor-widget-image\" data-id=\"7b3d1c2\" data-element_type=\"widget\" data-widget_type=\"image.default\">\n\t\t\t\t<div class=\"elementor-widget-container\">\n\t\t\t\t\t\t\t\t\t\t\t\t\t\t\t<img width=\"651\" height=\"550\" src=\"https:\/\/liberaenergia.es\/wp-content\/uploads\/2021\/06\/oficinas2-fusion.jpg\" class=\"attachment-full size-full wp-image-471\" alt=\"\" loading=\"lazy\" srcset=\"https:\/\/liberaenergia.es\/wp-content\/uploads\/2021\/06\/oficinas2-fusion.jpg 651w, https:\/\/liberaenergia.es\/wp-content\/uploads\/2021\/06\/oficinas2-fusion-300x253.jpg 300w\" sizes=\"(max-width: 651px) 100vw, 651px\" \/>\t\t\t\t\t\t\t\t\t\t\t\t\t\t\t<\/div>\n\t\t\t\t<\/div>\n\t\t\t\t\t<\/div>\n\t\t<\/div>\n\t\t\t\t<div class=\"elementor-column elementor-col-50 elementor-top-column elementor-element elementor-element-f33a93a\" data-id=\"f33a93a\" data-element_type=\"column\">\n\t\t\t<div class=\"elementor-widget-wrap elementor-element-populated\">\n\t\t\t\t\t\t\t\t<div class=\"elementor-element elementor-element-6e7a6986 elementor-widget elementor-widget-text-editor\" data-id=\"6e7a6986\" data-element_type=\"widget\" data-widget_type=\"text-editor.default\">\n\t\t\t\t<div class=\"elementor-widget-container\">\n\t\t\t\t\t\t\t<h3>Valores del deporte en la empresa.<\/h3>\t\t\t\t\t\t<\/div>\n\t\t\t\t<\/div>\n\t\t\t\t<div class=\"elementor-element elementor-element-7e291746 elementor-widget elementor-widget-text-editor\" data-id=\"7e291746\" data-element_type=\"widget\" data-widget_type=\"text-editor.default\">\n\t\t\t\t<div class=\"elementor-widget-container\">\n\t\t\t\t\t\t\t<h5>Somos un equipo formado por deportistas, en especial del Rugby, que entendemos la empresa como un gran equipo en el que cada cliente es un jugador m\u00e1s.<br \/><br \/><strong>Libera Energ\u00eda<\/strong> forma parte de <a href=\"https:\/\/kaurifactory.com\"><strong>Kauri<\/strong><\/a>, marca de equipaciones deportivas, 100% personalizadas, que ya apoya a cientos de equipos en Espa\u00f1a.<\/h5>\t\t\t\t\t\t<\/div>\n\t\t\t\t<\/div>\n\t\t\t\t<div class=\"elementor-element elementor-element-57c085fc elementor-widget elementor-widget-bridge_progress_bar\" data-id=\"57c085fc\" data-element_type=\"widget\" data-widget_type=\"bridge_progress_bar.default\">\n\t\t\t\t<div class=\"elementor-widget-container\">\n\t\t\t<div class='q_progress_bar'><h5 class='progress_title_holder clearfix' style='color: #131313;'><span class='progress_title'><span>Equipo<\/span><\/span><span class='progress_number' style='color: #131313;font-size: 18px;'><span>0<\/span>%<\/span><\/h5><div class='progress_content_outer' style='height: 5px;background-color: #c5da95;'><div data-percentage='100' class='progress_content' style='height: 5px;'><\/div><\/div><\/div>\t\t<\/div>\n\t\t\t\t<\/div>\n\t\t\t\t<div class=\"elementor-element elementor-element-59d90315 elementor-widget elementor-widget-bridge_progress_bar\" data-id=\"59d90315\" data-element_type=\"widget\" data-widget_type=\"bridge_progress_bar.default\">\n\t\t\t\t<div class=\"elementor-widget-container\">\n\t\t\t<div class='q_progress_bar'><h5 class='progress_title_holder clearfix' style='color: #131313;'><span class='progress_title'><span>Entrega<\/span><\/span><span class='progress_number' style='color: #131313;font-size: 18px;'><span>0<\/span>%<\/span><\/h5><div class='progress_content_outer' style='height: 5px;background-color: #eff0a3;'><div data-percentage='100' class='progress_content' style='height: 5px;background-color: #dbe124;'><\/div><\/div><\/div>\t\t<\/div>\n\t\t\t\t<\/div>\n\t\t\t\t\t<\/div>\n\t\t<\/div>\n\t\t\t\t\t\t\t<\/div>\n\t\t<\/section>\n\t\t\t\t<section class=\"elementor-section elementor-top-section elementor-element elementor-element-3fce84aa qode_elementor_container_inner elementor-section-boxed elementor-section-height-default elementor-section-height-default parallax_section_no\" data-id=\"3fce84aa\" data-element_type=\"section\">\n\t\t\t\t\t\t<div class=\"elementor-container elementor-column-gap-default\">\n\t\t\t\t\t<div class=\"elementor-column elementor-col-100 elementor-top-column elementor-element elementor-element-4f73d538\" data-id=\"4f73d538\" data-element_type=\"column\">\n\t\t\t<div class=\"elementor-widget-wrap elementor-element-populated\">\n\t\t\t\t\t\t\t\t<div class=\"elementor-element elementor-element-28f4814b elementor-widget elementor-widget-text-editor\" data-id=\"28f4814b\" data-element_type=\"widget\" data-widget_type=\"text-editor.default\">\n\t\t\t\t<div class=\"elementor-widget-container\">\n\t\t\t\t\t\t\t<h3 style=\"text-align: center;\">\u00danete al cambio\ny olv\u00eddate de pagar m\u00e1s.<\/h3>\t\t\t\t\t\t<\/div>\n\t\t\t\t<\/div>\n\t\t\t\t\t<\/div>\n\t\t<\/div>\n\t\t\t\t\t\t\t<\/div>\n\t\t<\/section>\n\t\t\t\t<section class=\"elementor-section elementor-top-section elementor-element elementor-element-306e7dd1 qode_elementor_container_inner elementor-section-boxed elementor-section-height-default elementor-section-height-default parallax_section_no\" data-id=\"306e7dd1\" data-element_type=\"section\">\n\t\t\t\t\t\t<div class=\"elementor-container elementor-column-gap-default\">\n\t\t\t\t\t<div class=\"elementor-column elementor-col-33 elementor-top-column elementor-element elementor-element-1df1e575\" data-id=\"1df1e575\" data-element_type=\"column\">\n\t\t\t<div class=\"elementor-widget-wrap elementor-element-populated\">\n\t\t\t\t\t\t\t\t<div class=\"elementor-element elementor-element-ac187cd elementor-widget elementor-widget-image\" data-id=\"ac187cd\" data-element_type=\"widget\" data-widget_type=\"image.default\">\n\t\t\t\t<div class=\"elementor-widget-container\">\n\t\t\t\t\t\t\t\t\t\t\t\t\t\t\t<img width=\"379\" height=\"427\" src=\"https:\/\/liberaenergia.es\/wp-content\/uploads\/2019\/12\/single-img-2.jpg\" class=\"attachment-full size-full wp-image-65\" alt=\"m\" loading=\"lazy\" srcset=\"https:\/\/liberaenergia.es\/wp-content\/uploads\/2019\/12\/single-img-2.jpg 379w, https:\/\/liberaenergia.es\/wp-content\/uploads\/2019\/12\/single-img-2-266x300.jpg 266w\" sizes=\"(max-width: 379px) 100vw, 379px\" \/>\t\t\t\t\t\t\t\t\t\t\t\t\t\t\t<\/div>\n\t\t\t\t<\/div>\n\t\t\t\t<div class=\"elementor-element elementor-element-6a7a238b elementor-widget elementor-widget-text-editor\" data-id=\"6a7a238b\" data-element_type=\"widget\" data-widget_type=\"text-editor.default\">\n\t\t\t\t<div class=\"elementor-widget-container\">\n\t\t\t\t\t\t\t<h4 style=\"text-align: center;\">Trae a tus amigos<\/h4>\t\t\t\t\t\t<\/div>\n\t\t\t\t<\/div>\n\t\t\t\t<div class=\"elementor-element elementor-element-14e0e9dc elementor-widget elementor-widget-text-editor\" data-id=\"14e0e9dc\" data-element_type=\"widget\" data-widget_type=\"text-editor.default\">\n\t\t\t\t<div class=\"elementor-widget-container\">\n\t\t\t\t\t\t\t<p style=\"text-align: center;\">Creemos que no hay mejor comercial que nuestros propios clientes, as\u00ed que si traes a tus amigos y familiares a Libera Energ\u00eda todos conseguir\u00e9is descuentos especiales<\/p>\t\t\t\t\t\t<\/div>\n\t\t\t\t<\/div>\n\t\t\t\t<div class=\"elementor-element elementor-element-383f592e elementor-widget__width-auto elementor-widget elementor-widget-bridge_button_v2\" data-id=\"383f592e\" data-element_type=\"widget\" data-widget_type=\"bridge_button_v2.default\">\n\t\t\t\t<div class=\"elementor-widget-container\">\n\t\t\t\n\n\t<a href=\"https:\/\/wa.me\/34623300827\" target=\"_self\" style=\"color: #8cc640\" class=\"qode-btn qode-btn-medium qode-btn-simple qode-btn-custom-hover-color\" data-hover-color=\"#70c600\" >\n\t    <span class=\"qode-btn-text\">SABER M\u00c1S<\/span>\t<\/a>\n\n\t\t<\/div>\n\t\t\t\t<\/div>\n\t\t\t\t\t<\/div>\n\t\t<\/div>\n\t\t\t\t<div class=\"elementor-column elementor-col-33 elementor-top-column elementor-element elementor-element-74ade49f\" data-id=\"74ade49f\" data-element_type=\"column\">\n\t\t\t<div class=\"elementor-widget-wrap elementor-element-populated\">\n\t\t\t\t\t\t\t\t<div class=\"elementor-element elementor-element-480a979b elementor-widget elementor-widget-image\" data-id=\"480a979b\" data-element_type=\"widget\" data-widget_type=\"image.default\">\n\t\t\t\t<div class=\"elementor-widget-container\">\n\t\t\t\t\t\t\t\t\t\t\t\t\t\t\t<img width=\"381\" height=\"427\" src=\"https:\/\/liberaenergia.es\/wp-content\/uploads\/2019\/12\/single-img-3.jpg\" class=\"attachment-full size-full wp-image-82\" alt=\"m\" loading=\"lazy\" srcset=\"https:\/\/liberaenergia.es\/wp-content\/uploads\/2019\/12\/single-img-3.jpg 381w, https:\/\/liberaenergia.es\/wp-content\/uploads\/2019\/12\/single-img-3-268x300.jpg 268w\" sizes=\"(max-width: 381px) 100vw, 381px\" \/>\t\t\t\t\t\t\t\t\t\t\t\t\t\t\t<\/div>\n\t\t\t\t<\/div>\n\t\t\t\t<div class=\"elementor-element elementor-element-3ba6e07d elementor-widget elementor-widget-text-editor\" data-id=\"3ba6e07d\" data-element_type=\"widget\" data-widget_type=\"text-editor.default\">\n\t\t\t\t<div class=\"elementor-widget-container\">\n\t\t\t\t\t\t\t<h4 style=\"text-align: center;\">Luz Sostenible<\/h4>\t\t\t\t\t\t<\/div>\n\t\t\t\t<\/div>\n\t\t\t\t<div class=\"elementor-element elementor-element-660ffeb0 elementor-widget elementor-widget-text-editor\" data-id=\"660ffeb0\" data-element_type=\"widget\" data-widget_type=\"text-editor.default\">\n\t\t\t\t<div class=\"elementor-widget-container\">\n\t\t\t\t\t\t\t<p style=\"text-align: center;\">Nacemos para promover diversas f\u00f3rmulas de ahorro que obtenemos de forma clara y transparente. Te proporcionamos facturas que puedas entenderlas para que puedas conocer el precio de tu consumo.<\/p>\t\t\t\t\t\t<\/div>\n\t\t\t\t<\/div>\n\t\t\t\t<div class=\"elementor-element elementor-element-57c55f31 elementor-widget__width-auto elementor-widget elementor-widget-bridge_button_v2\" data-id=\"57c55f31\" data-element_type=\"widget\" data-widget_type=\"bridge_button_v2.default\">\n\t\t\t\t<div class=\"elementor-widget-container\">\n\t\t\t\n\n\t<a href=\"https:\/\/wa.me\/34623300827\" target=\"_self\" style=\"color: #8cc640\" class=\"qode-btn qode-btn-medium qode-btn-simple qode-btn-custom-hover-color\" data-hover-color=\"#70c600\" >\n\t    <span class=\"qode-btn-text\">CONTRATAR<\/span>\t<\/a>\n\n\t\t<\/div>\n\t\t\t\t<\/div>\n\t\t\t\t\t<\/div>\n\t\t<\/div>\n\t\t\t\t<div class=\"elementor-column elementor-col-33 elementor-top-column elementor-element elementor-element-5206cb75\" data-id=\"5206cb75\" data-element_type=\"column\">\n\t\t\t<div class=\"elementor-widget-wrap elementor-element-populated\">\n\t\t\t\t\t\t\t\t<div class=\"elementor-element elementor-element-74f9678a elementor-widget elementor-widget-image\" data-id=\"74f9678a\" data-element_type=\"widget\" data-widget_type=\"image.default\">\n\t\t\t\t<div class=\"elementor-widget-container\">\n\t\t\t\t\t\t\t\t\t\t\t\t\t\t\t<img width=\"382\" height=\"427\" src=\"https:\/\/liberaenergia.es\/wp-content\/uploads\/2019\/12\/single-img-4.jpg\" class=\"attachment-full size-full wp-image-74\" alt=\"m\" loading=\"lazy\" srcset=\"https:\/\/liberaenergia.es\/wp-content\/uploads\/2019\/12\/single-img-4.jpg 382w, https:\/\/liberaenergia.es\/wp-content\/uploads\/2019\/12\/single-img-4-268x300.jpg 268w\" sizes=\"(max-width: 382px) 100vw, 382px\" \/>\t\t\t\t\t\t\t\t\t\t\t\t\t\t\t<\/div>\n\t\t\t\t<\/div>\n\t\t\t\t<div class=\"elementor-element elementor-element-52fc53cc elementor-widget elementor-widget-text-editor\" data-id=\"52fc53cc\" data-element_type=\"widget\" data-widget_type=\"text-editor.default\">\n\t\t\t\t<div class=\"elementor-widget-container\">\n\t\t\t\t\t\t\t<h4 style=\"text-align: center;\">\u00a1Hola Empresas!<\/h4>\t\t\t\t\t\t<\/div>\n\t\t\t\t<\/div>\n\t\t\t\t<div class=\"elementor-element elementor-element-3f07a629 elementor-widget elementor-widget-text-editor\" data-id=\"3f07a629\" data-element_type=\"widget\" data-widget_type=\"text-editor.default\">\n\t\t\t\t<div class=\"elementor-widget-container\">\n\t\t\t\t\t\t\t<p style=\"text-align: center;\">Queremos hacer nuestra parte para acelerar la migraci\u00f3n energ\u00e9tica de la empresa y avanzar hacia un modelo de desarrollo 100% sostenible y orientado al futuro. \u00a1S\u00famate al cambio y nos convertiremos en el mejor aliado de tu empresa!<\/p>\t\t\t\t\t\t<\/div>\n\t\t\t\t<\/div>\n\t\t\t\t<div class=\"elementor-element elementor-element-73df3f8c elementor-widget__width-auto elementor-widget elementor-widget-bridge_button_v2\" data-id=\"73df3f8c\" data-element_type=\"widget\" data-widget_type=\"bridge_button_v2.default\">\n\t\t\t\t<div class=\"elementor-widget-container\">\n\t\t\t\n\n\t<a href=\"https:\/\/wa.me\/34623300827\" target=\"_self\" style=\"color: #8cc640\" class=\"qode-btn qode-btn-medium qode-btn-simple qode-btn-custom-hover-color\" data-hover-color=\"#70c600\" >\n\t    <span class=\"qode-btn-text\">HABLEMOS<\/span>\t<\/a>\n\n\t\t<\/div>\n\t\t\t\t<\/div>\n\t\t\t\t\t<\/div>\n\t\t<\/div>\n\t\t\t\t\t\t\t<\/div>\n\t\t<\/section>\n\t\t\t\t\t\t\t<\/div>\n\t\t","protected":false},"excerpt":{"rendered":"<p>Nosotros Valores del deporte en la empresa Valores del deporte en la empresa. Somos un equipo formado por deportistas, en especial del Rugby, que entendemos la empresa como un gran equipo en el que cada cliente es un jugador m\u00e1s. Libera Energ\u00eda forma parte de&#8230;<\/p>\n","protected":false},"author":1,"featured_media":0,"parent":0,"menu_order":0,"comment_status":"closed","ping_status":"closed","template":"full_width.php","meta":[],"yoast_head":"<!-- This site is optimized with the Yoast SEO plugin v19.13 - https:\/\/yoast.com\/wordpress\/plugins\/seo\/ -->\n<title>About - LIBERA ENERG\u00cdA<\/title>\n<meta name=\"robots\" content=\"index, follow, max-snippet:-1, max-image-preview:large, max-video-preview:-1\" \/>\n<link rel=\"canonical\" href=\"https:\/\/liberaenergia.es\/index.php\/about\/\" \/>\n<meta property=\"og:locale\" content=\"es_ES\" \/>\n<meta property=\"og:type\" content=\"article\" \/>\n<meta property=\"og:title\" content=\"About - LIBERA ENERG\u00cdA\" \/>\n<meta property=\"og:description\" content=\"Nosotros Valores del deporte en la empresa Valores del deporte en la empresa. Somos un equipo formado por deportistas, en especial del Rugby, que entendemos la empresa como un gran equipo en el que cada cliente es un jugador m\u00e1s. Libera Energ\u00eda forma parte de...\" \/>\n<meta property=\"og:url\" content=\"https:\/\/liberaenergia.es\/index.php\/about\/\" \/>\n<meta property=\"og:site_name\" content=\"LIBERA ENERG\u00cdA\" \/>\n<meta property=\"article:modified_time\" content=\"2021-06-11T15:06:50+00:00\" \/>\n<meta property=\"og:image\" content=\"http:\/\/liberaenergia.es\/wp-content\/uploads\/2021\/06\/oficinas2-fusion.jpg\" \/>\n<meta name=\"twitter:card\" content=\"summary_large_image\" \/>\n<meta name=\"twitter:label1\" content=\"Tiempo de lectura\" \/>\n\t<meta name=\"twitter:data1\" content=\"1 minuto\" \/>\n<script type=\"application\/ld+json\" class=\"yoast-schema-graph\">{\"@context\":\"https:\/\/schema.org\",\"@graph\":[{\"@type\":\"WebPage\",\"@id\":\"https:\/\/liberaenergia.es\/index.php\/about\/\",\"url\":\"https:\/\/liberaenergia.es\/index.php\/about\/\",\"name\":\"About - LIBERA ENERG\u00cdA\",\"isPartOf\":{\"@id\":\"https:\/\/liberaenergia.es\/#website\"},\"datePublished\":\"2019-12-10T13:00:23+00:00\",\"dateModified\":\"2021-06-11T15:06:50+00:00\",\"breadcrumb\":{\"@id\":\"https:\/\/liberaenergia.es\/index.php\/about\/#breadcrumb\"},\"inLanguage\":\"es\",\"potentialAction\":[{\"@type\":\"ReadAction\",\"target\":[\"https:\/\/liberaenergia.es\/index.php\/about\/\"]}]},{\"@type\":\"BreadcrumbList\",\"@id\":\"https:\/\/liberaenergia.es\/index.php\/about\/#breadcrumb\",\"itemListElement\":[{\"@type\":\"ListItem\",\"position\":1,\"name\":\"Portada\",\"item\":\"https:\/\/liberaenergia.es\/\"},{\"@type\":\"ListItem\",\"position\":2,\"name\":\"About\"}]},{\"@type\":\"WebSite\",\"@id\":\"https:\/\/liberaenergia.es\/#website\",\"url\":\"https:\/\/liberaenergia.es\/\",\"name\":\"Libera Energ\u00eda\",\"description\":\"Mejora tu factura y el planeta\",\"publisher\":{\"@id\":\"https:\/\/liberaenergia.es\/#organization\"},\"potentialAction\":[{\"@type\":\"SearchAction\",\"target\":{\"@type\":\"EntryPoint\",\"urlTemplate\":\"https:\/\/liberaenergia.es\/?s={search_term_string}\"},\"query-input\":\"required name=search_term_string\"}],\"inLanguage\":\"es\"},{\"@type\":\"Organization\",\"@id\":\"https:\/\/liberaenergia.es\/#organization\",\"name\":\"Liberaenergia\",\"url\":\"https:\/\/liberaenergia.es\/\",\"logo\":{\"@type\":\"ImageObject\",\"inLanguage\":\"es\",\"@id\":\"https:\/\/liberaenergia.es\/#\/schema\/logo\/image\/\",\"url\":\"https:\/\/liberaenergia.es\/wp-content\/uploads\/2021\/05\/Recurso-2.png\",\"contentUrl\":\"https:\/\/liberaenergia.es\/wp-content\/uploads\/2021\/05\/Recurso-2.png\",\"width\":438,\"height\":166,\"caption\":\"Liberaenergia\"},\"image\":{\"@id\":\"https:\/\/liberaenergia.es\/#\/schema\/logo\/image\/\"}}]}<\/script>\n<!-- \/ Yoast SEO plugin. -->","yoast_head_json":{"title":"About - LIBERA ENERG\u00cdA","robots":{"index":"index","follow":"follow","max-snippet":"max-snippet:-1","max-image-preview":"max-image-preview:large","max-video-preview":"max-video-preview:-1"},"canonical":"https:\/\/liberaenergia.es\/index.php\/about\/","og_locale":"es_ES","og_type":"article","og_title":"About - LIBERA ENERG\u00cdA","og_description":"Nosotros Valores del deporte en la empresa Valores del deporte en la empresa. Somos un equipo formado por deportistas, en especial del Rugby, que entendemos la empresa como un gran equipo en el que cada cliente es un jugador m\u00e1s. Libera Energ\u00eda forma parte de...","og_url":"https:\/\/liberaenergia.es\/index.php\/about\/","og_site_name":"LIBERA ENERG\u00cdA","article_modified_time":"2021-06-11T15:06:50+00:00","og_image":[{"url":"http:\/\/liberaenergia.es\/wp-content\/uploads\/2021\/06\/oficinas2-fusion.jpg"}],"twitter_card":"summary_large_image","twitter_misc":{"Tiempo de lectura":"1 minuto"},"schema":{"@context":"https:\/\/schema.org","@graph":[{"@type":"WebPage","@id":"https:\/\/liberaenergia.es\/index.php\/about\/","url":"https:\/\/liberaenergia.es\/index.php\/about\/","name":"About - LIBERA ENERG\u00cdA","isPartOf":{"@id":"https:\/\/liberaenergia.es\/#website"},"datePublished":"2019-12-10T13:00:23+00:00","dateModified":"2021-06-11T15:06:50+00:00","breadcrumb":{"@id":"https:\/\/liberaenergia.es\/index.php\/about\/#breadcrumb"},"inLanguage":"es","potentialAction":[{"@type":"ReadAction","target":["https:\/\/liberaenergia.es\/index.php\/about\/"]}]},{"@type":"BreadcrumbList","@id":"https:\/\/liberaenergia.es\/index.php\/about\/#breadcrumb","itemListElement":[{"@type":"ListItem","position":1,"name":"Portada","item":"https:\/\/liberaenergia.es\/"},{"@type":"ListItem","position":2,"name":"About"}]},{"@type":"WebSite","@id":"https:\/\/liberaenergia.es\/#website","url":"https:\/\/liberaenergia.es\/","name":"Libera Energ\u00eda","description":"Mejora tu factura y el planeta","publisher":{"@id":"https:\/\/liberaenergia.es\/#organization"},"potentialAction":[{"@type":"SearchAction","target":{"@type":"EntryPoint","urlTemplate":"https:\/\/liberaenergia.es\/?s={search_term_string}"},"query-input":"required name=search_term_string"}],"inLanguage":"es"},{"@type":"Organization","@id":"https:\/\/liberaenergia.es\/#organization","name":"Liberaenergia","url":"https:\/\/liberaenergia.es\/","logo":{"@type":"ImageObject","inLanguage":"es","@id":"https:\/\/liberaenergia.es\/#\/schema\/logo\/image\/","url":"https:\/\/liberaenergia.es\/wp-content\/uploads\/2021\/05\/Recurso-2.png","contentUrl":"https:\/\/liberaenergia.es\/wp-content\/uploads\/2021\/05\/Recurso-2.png","width":438,"height":166,"caption":"Liberaenergia"},"image":{"@id":"https:\/\/liberaenergia.es\/#\/schema\/logo\/image\/"}}]}},"_links":{"self":[{"href":"https:\/\/liberaenergia.es\/index.php\/wp-json\/wp\/v2\/pages\/135"}],"collection":[{"href":"https:\/\/liberaenergia.es\/index.php\/wp-json\/wp\/v2\/pages"}],"about":[{"href":"https:\/\/liberaenergia.es\/index.php\/wp-json\/wp\/v2\/types\/page"}],"author":[{"embeddable":true,"href":"https:\/\/liberaenergia.es\/index.php\/wp-json\/wp\/v2\/users\/1"}],"replies":[{"embeddable":true,"href":"https:\/\/liberaenergia.es\/index.php\/wp-json\/wp\/v2\/comments?post=135"}],"version-history":[{"count":12,"href":"https:\/\/liberaenergia.es\/index.php\/wp-json\/wp\/v2\/pages\/135\/revisions"}],"predecessor-version":[{"id":477,"href":"https:\/\/liberaenergia.es\/index.php\/wp-json\/wp\/v2\/pages\/135\/revisions\/477"}],"wp:attachment":[{"href":"https:\/\/liberaenergia.es\/index.php\/wp-json\/wp\/v2\/media?parent=135"}],"curies":[{"name":"wp","href":"https:\/\/api.w.org\/{rel}","templated":true}]}}